{"id":512,"date":"2019-01-11T12:17:05","date_gmt":"2019-01-11T11:17:05","guid":{"rendered":"http:\/\/franchise.pressroom.sushishop.fr\/?page_id=512"},"modified":"2021-08-23T17:24:42","modified_gmt":"2021-08-23T15:24:42","slug":"english-contact","status":"publish","type":"page","link":"https:\/\/franchise.sushishop.fr\/fr\/","title":{"rendered":"Franchise \u2014 Home"},"content":{"rendered":"<p><\/p>\n<p style=\"text-align: justify;\">Cr\u00e9\u00e9 il y a 20 ans par 2 amis d\u2019enfance, Gregory Marciano et Herv\u00e9 Louis, Sushi Shop s\u2019est rapidement hiss\u00e9 au rang de leader europ\u00e9en de la pr\u00e9paration, la livraison et la vente \u00e0 emporter de sushi.<\/p>\n<p style=\"text-align: justify;\">Avec un concept novateur et sp\u00e9cifique, et avec comme philosophie unique de \u00ab partager leur savoir-faire pour cr\u00e9er une r\u00e9ussite commune&nbsp;\u00bb, les fondateurs de la marque ont ouvert d\u00e8s 2006 l\u2019enseigne \u00e0 la franchise, acc\u00e9l\u00e9rant ainsi son d\u00e9veloppement pour en faire l\u2019enseigne num\u00e9ro 1 du secteur.<br>A fin 2018, la marque compte 172 magasins ouverts, dont 64 en franchise, en Europe, (France, UK, Belgique, Luxembourg, Suisse, Allemagne, Italie, Espagne, Portugal) et au Moyen-Orient. Rachet\u00e9 en 2018 par le groupe Amrest, la marque poursuit toujours sa croissance, \u00e0 travers l\u2019ouverture de nouveaux restaurants (en int\u00e9gr\u00e9 et en franchise) mais \u00e9galement via le d\u00e9veloppement de nouveaux concepts pour la grande distribution et le travel retail.<\/p>\n<p style=\"text-align: justify;\">En 20 ans, la marque a d\u00e9velopp\u00e9 un savoir-faire unique en mati\u00e8re de cr\u00e9ation de sushi, maki et autres recettes d\u2019inspiration japonaise ainsi qu\u2019une exp\u00e9rience client multi-canal et haut de gamme.<\/p>\n<p style=\"text-align: justify;\">Marque leader en notori\u00e9t\u00e9 et image (selon une \u00e9tude Opinion Way de septembre 2017), Sushi Shop s\u2019inscrit dans un univers premium et urbain, faisant primer esth\u00e9tisme et qualit\u00e9. Imm\u00e9diatement et ais\u00e9ment identifiable de par un d\u00e9cor graphique et une identit\u00e9 visuelle uniques, la marque utilise des couleurs sobres et de mat\u00e9riaux bruts au sein de ses boutiques, cr\u00e9ant ainsi une atmosph\u00e8re raffin\u00e9e et \u00e9l\u00e9gante. L\u2019exp\u00e9rience client Sushi Shop, depuis la cr\u00e9ation des recettes, le packaging, les canaux de commande, les supports de communication\u2026 se veut globale, unique et haut de gamme, afin de garantir \u00e0 ses clients les meilleurs moments sushi en vente \u00e0 emporter et en livraison.<\/p>\n<p style=\"text-align: justify;\">Rejoindre Sushi Shop, c\u2019est rejoindre une enseigne qui a aujourd\u2019hui 20 ans d\u2019exp\u00e9rience dans la conception et la vente de sushi de qualit\u00e9 pour une client\u00e8le exigeante, avec un esprit urbain et novateur, pour de bons et beaux moment sushi.<\/p>\n<p style=\"text-align: justify;\">Notre objectif est de cr\u00e9er et d\u00e9velopper les meilleurs partenariats franchiseurs-franchis\u00e9s autour d\u2019une relation \u00ab&nbsp;gagnant-gagnant&nbsp;\u00bb \u00e0 long terme. Pour nous le succ\u00e8s que lorsqu\u2019il est partag\u00e9 par tous.<\/p>\n<p><div role=\"form\" class=\"wpcf7\" id=\"wpcf7-f516-o1\" lang=\"fr-FR\" dir=\"ltr\">\n<div class=\"screen-reader-response\"><p role=\"status\" aria-live=\"polite\" aria-atomic=\"true\"><\/p> <ul><\/ul><\/div>\n<form action=\"\/fr\/wp-json\/wp\/v2\/pages\/512#wpcf7-f516-o1\" method=\"post\" class=\"wpcf7-form init\" enctype=\"multipart\/form-data\" novalidate=\"novalidate\" data-status=\"init\">\n<div style=\"display: none;\">\n<input type=\"hidden\" name=\"_wpcf7\" value=\"516\" \/>\n<input type=\"hidden\" name=\"_wpcf7_version\" value=\"5.5.6.1\" \/>\n<input type=\"hidden\" name=\"_wpcf7_locale\" value=\"fr_FR\" \/>\n<input type=\"hidden\" name=\"_wpcf7_unit_tag\" value=\"wpcf7-f516-o1\" \/>\n<input type=\"hidden\" name=\"_wpcf7_container_post\" value=\"0\" \/>\n<input type=\"hidden\" name=\"_wpcf7_posted_data_hash\" value=\"\" \/>\n<input type=\"hidden\" name=\"_wpcf7_recaptcha_response\" value=\"\" \/>\n<\/div>\n<div class=\"form-col form-col--1\">\n<div class=\"form-group\">\n<p class=\"form-group-label\">Vos coordonn\u00e9es<\/p>\n<div class=\"form-inline\"><span class=\"wpcf7-form-control-wrap firstname\"><input type=\"text\" name=\"firstname\" value=\"\" size=\"40\" class=\"wpcf7-form-control wpcf7-text wpcf7-validates-as-required\" aria-required=\"true\" aria-invalid=\"false\" placeholder=\"Pr\u00e9nom\" \/><\/span> <span class=\"wpcf7-form-control-wrap lastname\"><input type=\"text\" name=\"lastname\" value=\"\" size=\"40\" class=\"wpcf7-form-control wpcf7-text wpcf7-validates-as-required\" aria-required=\"true\" aria-invalid=\"false\" placeholder=\"Nom\" \/><\/span><\/div>\n<div><span class=\"wpcf7-form-control-wrap dateBirthday\"><input type=\"text\" name=\"dateBirthday\" value=\"\" size=\"40\" class=\"wpcf7-form-control wpcf7-text\" aria-invalid=\"false\" placeholder=\"Date de naissance\" \/><\/span><\/div>\n<div><span class=\"wpcf7-form-control-wrap address\"><input type=\"text\" name=\"address\" value=\"\" size=\"40\" class=\"wpcf7-form-control wpcf7-text\" aria-invalid=\"false\" placeholder=\"Adresse\" \/><\/span><\/div>\n<div class=\"form-inline\"><span class=\"wpcf7-form-control-wrap phone\"><input type=\"tel\" name=\"phone\" value=\"\" size=\"40\" class=\"wpcf7-form-control wpcf7-text wpcf7-tel wpcf7-validates-as-tel\" aria-invalid=\"false\" placeholder=\"T\u00e9l\u00e9phone\" \/><\/span> <span class=\"wpcf7-form-control-wrap your-email\"><input type=\"email\" name=\"your-email\" value=\"\" size=\"40\" class=\"wpcf7-form-control wpcf7-text wpcf7-email wpcf7-validates-as-required wpcf7-validates-as-email\" aria-required=\"true\" aria-invalid=\"false\" placeholder=\"Email\" \/><\/span><\/div>\n<\/div>\n<div class=\"form-group form-col--2\">\n<p class=\"form-group-label\">Formation et exp\u00e9rience<\/p>\n<div class=\"form\"><label>Votre formation<\/label><span class=\"wpcf7-form-control-wrap level\"><input type=\"text\" name=\"level\" value=\"\" size=\"40\" class=\"wpcf7-form-control wpcf7-text\" aria-invalid=\"false\" placeholder=\"Niveau d&#039;\u00e9tudes, dipl\u00f4mes...\" \/><\/span><\/div>\n<div class=\"form\"><label>Votre parcours professionnel (CV en format word ou pdf)<\/label><span class=\"wpcf7-form-control-wrap cv\"><input type=\"file\" name=\"cv\" size=\"40\" class=\"wpcf7-form-control wpcf7-file\" accept=\".docx,.pdf\" aria-invalid=\"false\" \/><\/span><\/div>\n<div class=\"form\"><label>Avez-vous d\u00e9j\u00e0 dirig\u00e9 du personnel ? Si oui, dans quel secteur d'activit\u00e9 ?<\/label><span class=\"wpcf7-form-control-wrap have_lead\"><input type=\"text\" name=\"have_lead\" value=\"\" size=\"40\" class=\"wpcf7-form-control wpcf7-text\" aria-invalid=\"false\" \/><\/span> <\/div>\n<div class=\"form\"><label>Avez-vous d\u00e9j\u00e0 travaill\u00e9 \u00e0 votre compte ?<\/label><span class=\"wpcf7-form-control-wrap have_work_for_this_own_\"><input type=\"text\" name=\"have_work_for_this_own_\" value=\"\" size=\"40\" class=\"wpcf7-form-control wpcf7-text\" aria-invalid=\"false\" \/><\/span> <\/div>\n<div class=\"form\"><label>Avez-vous d\u00e9j\u00e0 \u00e9t\u00e9 franchis\u00e9 ? Si oui chez qui ? L\u2019\u00eates-vous toujours ?<\/label><span class=\"wpcf7-form-control-wrap have_be_franchise\"><input type=\"text\" name=\"have_be_franchise\" value=\"\" size=\"40\" class=\"wpcf7-form-control wpcf7-text\" aria-invalid=\"false\" \/><\/span> <\/div>\n<\/div>\n<\/div>\n<div class=\"form-col\">\n<div class=\"form-group\">\n<p class=\"form-group-label\">Votre projet<\/p>\n<div class=\"form\"><label>Quelles sont vos motivations ?<\/label><span class=\"wpcf7-form-control-wrap motivations\"><textarea name=\"motivations\" cols=\"40\" rows=\"10\" class=\"wpcf7-form-control wpcf7-textarea\" aria-invalid=\"false\"><\/textarea><\/span> <\/div>\n<div class=\"form form--multiple\"><label>R\u00e9gions dans lesquelles vous voudriez ouvrir une franchise Sushi Shop <\/label><br \/>\n<span class=\"wpcf7-form-control-wrap region_1\"><input type=\"text\" name=\"region_1\" value=\"\" size=\"40\" class=\"wpcf7-form-control wpcf7-text\" aria-invalid=\"false\" \/><\/span><br \/>\n<span class=\"wpcf7-form-control-wrap region_2\"><input type=\"text\" name=\"region_2\" value=\"\" size=\"40\" class=\"wpcf7-form-control wpcf7-text\" aria-invalid=\"false\" \/><\/span><br \/>\n<span class=\"wpcf7-form-control-wrap region_3\"><input type=\"text\" name=\"region_3\" value=\"\" size=\"40\" class=\"wpcf7-form-control wpcf7-text\" aria-invalid=\"false\" \/><\/span>\n<\/div>\n<div class=\"form\"><label>Apport envisag\u00e9 (en euros)<\/label><span class=\"wpcf7-form-control-wrap contribution\"><input type=\"text\" name=\"contribution\" value=\"\" size=\"40\" class=\"wpcf7-form-control wpcf7-text\" aria-invalid=\"false\" \/><\/span><\/div>\n<\/div>\n<\/div>\n<div class=\"contact__submit\"><input type=\"submit\" value=\"Envoyer\" class=\"wpcf7-form-control has-spinner wpcf7-submit\" \/><\/div>\n<div>\n<p class=\"contact__mentions\">Les informations recueillies via ce formulaire sont trait\u00e9es par Sushi\u00a0Shop Management afin de r\u00e9pondre \u00e0 votre demande d\u2019information. Elles sont conserv\u00e9es pendant la dur\u00e9e n\u00e9cessaire au traitement de cette demande.<br \/>\nPour plus d\u2019informations, consultez la Politique de confidentialit\u00e9 accessible <a href=\"https:\/\/www.sushishop.fr\/fr\/politique-externe-de-protection-des-donnees\" target=\"_blank\" rel=\"noopener\">ici<\/a>.<br \/>\nConform\u00e9ment \u00e0 la r\u00e8glementation applicable, vous disposez d\u2019un droit d\u2019acc\u00e8s, de rectification et \/ ou de suppression de vos donn\u00e9es personnelles que vous pouvez exercer en vous rendant sur l\u2019onglet d\u00e9di\u00e9 \u00ab Exercer vos droits sur vos donn\u00e9es \u00bb du site <a href=\"https:\/\/www.sushishop.fr\/\" target=\"_blank\" rel=\"noopener\">sushishop.fr<\/a>.<\/p>\n<div class=\"wpcf7-response-output\" aria-hidden=\"true\"><\/div><\/form><\/div>","protected":false},"excerpt":{"rendered":"<p>Cr\u00e9\u00e9 il y a 20 ans par 2 amis d\u2019enfance, Gregory Marciano et Herv\u00e9 Louis, Sushi Shop s\u2019est rapidement hiss\u00e9 au rang de leader europ\u00e9en de la pr\u00e9paration, la livraison et la vente \u00e0 emporter de sushi. Avec un concept novateur et sp\u00e9cifique, et avec comme philosophie unique de \u00ab partager leur savoir-faire pour cr\u00e9er [&hellip;]<\/p>\n","protected":false},"author":1,"featured_media":0,"parent":0,"menu_order":0,"comment_status":"closed","ping_status":"closed","template":"franchise.php","meta":[],"yoast_head":"<!-- This site is optimized with the Yoast SEO plugin v19.4 - https:\/\/yoast.com\/wordpress\/plugins\/seo\/ -->\n<title>Sushi Shop franchis\u00e9<\/title>\n<meta name=\"description\" content=\"Become a Sushi Shop franchisee !\" \/>\n<meta name=\"robots\" content=\"index, follow, max-snippet:-1, max-image-preview:large, max-video-preview:-1\" \/>\n<link rel=\"canonical\" href=\"https:\/\/franchise.sushishop.fr\/\" \/>\n<meta property=\"og:locale\" content=\"fr_FR\" \/>\n<meta property=\"og:type\" content=\"article\" \/>\n<meta property=\"og:title\" content=\"Sushi Shop franchis\u00e9\" \/>\n<meta property=\"og:description\" content=\"Become a Sushi Shop franchisee !\" \/>\n<meta property=\"og:url\" content=\"https:\/\/franchise.sushishop.fr\/\" \/>\n<meta property=\"og:site_name\" content=\"Sushi Shop franchis\u00e9\" \/>\n<meta property=\"article:modified_time\" content=\"2021-08-23T15:24:42+00:00\" \/>\n<meta name=\"twitter:card\" content=\"summary_large_image\" \/>\n<meta name=\"twitter:label1\" content=\"Dur\u00e9e de lecture estim\u00e9e\" \/>\n\t<meta name=\"twitter:data1\" content=\"2 minutes\" \/>\n<script type=\"application\/ld+json\" class=\"yoast-schema-graph\">{\"@context\":\"https:\/\/schema.org\",\"@graph\":[{\"@type\":\"Organization\",\"@id\":\"https:\/\/franchise.sushishop.fr\/#organization\",\"name\":\"Sushi Shop franchis\u00e9\",\"url\":\"https:\/\/franchise.sushishop.fr\/\",\"sameAs\":[],\"logo\":{\"@type\":\"ImageObject\",\"inLanguage\":\"fr-FR\",\"@id\":\"https:\/\/franchise.sushishop.fr\/#\/schema\/logo\/image\/\",\"url\":\"https:\/\/franchise.sushishop.fr\/wp-content\/uploads\/sites\/16\/2021\/03\/banner.jpg\",\"contentUrl\":\"https:\/\/franchise.sushishop.fr\/wp-content\/uploads\/sites\/16\/2021\/03\/banner.jpg\",\"width\":1200,\"height\":630,\"caption\":\"Sushi Shop franchis\u00e9\"},\"image\":{\"@id\":\"https:\/\/franchise.sushishop.fr\/#\/schema\/logo\/image\/\"}},{\"@type\":\"WebSite\",\"@id\":\"https:\/\/franchise.sushishop.fr\/#website\",\"url\":\"https:\/\/franchise.sushishop.fr\/\",\"name\":\"Sushi Shop franchis\u00e9\",\"description\":\"Become a Sushi Shop franchisee !\",\"publisher\":{\"@id\":\"https:\/\/franchise.sushishop.fr\/#organization\"},\"potentialAction\":[{\"@type\":\"SearchAction\",\"target\":{\"@type\":\"EntryPoint\",\"urlTemplate\":\"https:\/\/franchise.sushishop.fr\/?s={search_term_string}\"},\"query-input\":\"required name=search_term_string\"}],\"inLanguage\":\"fr-FR\"},{\"@type\":\"WebPage\",\"@id\":\"https:\/\/franchise.sushishop.fr\/\",\"url\":\"https:\/\/franchise.sushishop.fr\/\",\"name\":\"Sushi Shop franchis\u00e9\",\"isPartOf\":{\"@id\":\"https:\/\/franchise.sushishop.fr\/#website\"},\"datePublished\":\"2019-01-11T11:17:05+00:00\",\"dateModified\":\"2021-08-23T15:24:42+00:00\",\"description\":\"Become a Sushi Shop franchisee !\",\"breadcrumb\":{\"@id\":\"https:\/\/franchise.sushishop.fr\/#breadcrumb\"},\"inLanguage\":\"fr-FR\",\"potentialAction\":[{\"@type\":\"ReadAction\",\"target\":[\"https:\/\/franchise.sushishop.fr\/\"]}]},{\"@type\":\"BreadcrumbList\",\"@id\":\"https:\/\/franchise.sushishop.fr\/#breadcrumb\",\"itemListElement\":[{\"@type\":\"ListItem\",\"position\":1,\"name\":\"Home\",\"item\":\"https:\/\/franchise.sushishop.fr\/\"},{\"@type\":\"ListItem\",\"position\":2,\"name\":\"Contact\"}]}]}<\/script>\n<!-- \/ Yoast SEO plugin. -->","yoast_head_json":{"title":"Sushi Shop franchis\u00e9","description":"Become a Sushi Shop franchisee !","robots":{"index":"index","follow":"follow","max-snippet":"max-snippet:-1","max-image-preview":"max-image-preview:large","max-video-preview":"max-video-preview:-1"},"canonical":"https:\/\/franchise.sushishop.fr\/","og_locale":"fr_FR","og_type":"article","og_title":"Sushi Shop franchis\u00e9","og_description":"Become a Sushi Shop franchisee !","og_url":"https:\/\/franchise.sushishop.fr\/","og_site_name":"Sushi Shop franchis\u00e9","article_modified_time":"2021-08-23T15:24:42+00:00","twitter_card":"summary_large_image","twitter_misc":{"Dur\u00e9e de lecture estim\u00e9e":"2 minutes"},"schema":{"@context":"https:\/\/schema.org","@graph":[{"@type":"Organization","@id":"https:\/\/franchise.sushishop.fr\/#organization","name":"Sushi Shop franchis\u00e9","url":"https:\/\/franchise.sushishop.fr\/","sameAs":[],"logo":{"@type":"ImageObject","inLanguage":"fr-FR","@id":"https:\/\/franchise.sushishop.fr\/#\/schema\/logo\/image\/","url":"https:\/\/franchise.sushishop.fr\/wp-content\/uploads\/sites\/16\/2021\/03\/banner.jpg","contentUrl":"https:\/\/franchise.sushishop.fr\/wp-content\/uploads\/sites\/16\/2021\/03\/banner.jpg","width":1200,"height":630,"caption":"Sushi Shop franchis\u00e9"},"image":{"@id":"https:\/\/franchise.sushishop.fr\/#\/schema\/logo\/image\/"}},{"@type":"WebSite","@id":"https:\/\/franchise.sushishop.fr\/#website","url":"https:\/\/franchise.sushishop.fr\/","name":"Sushi Shop franchis\u00e9","description":"Become a Sushi Shop franchisee !","publisher":{"@id":"https:\/\/franchise.sushishop.fr\/#organization"},"potentialAction":[{"@type":"SearchAction","target":{"@type":"EntryPoint","urlTemplate":"https:\/\/franchise.sushishop.fr\/?s={search_term_string}"},"query-input":"required name=search_term_string"}],"inLanguage":"fr-FR"},{"@type":"WebPage","@id":"https:\/\/franchise.sushishop.fr\/","url":"https:\/\/franchise.sushishop.fr\/","name":"Sushi Shop franchis\u00e9","isPartOf":{"@id":"https:\/\/franchise.sushishop.fr\/#website"},"datePublished":"2019-01-11T11:17:05+00:00","dateModified":"2021-08-23T15:24:42+00:00","description":"Become a Sushi Shop franchisee !","breadcrumb":{"@id":"https:\/\/franchise.sushishop.fr\/#breadcrumb"},"inLanguage":"fr-FR","potentialAction":[{"@type":"ReadAction","target":["https:\/\/franchise.sushishop.fr\/"]}]},{"@type":"BreadcrumbList","@id":"https:\/\/franchise.sushishop.fr\/#breadcrumb","itemListElement":[{"@type":"ListItem","position":1,"name":"Home","item":"https:\/\/franchise.sushishop.fr\/"},{"@type":"ListItem","position":2,"name":"Contact"}]}]}},"_links":{"self":[{"href":"https:\/\/franchise.sushishop.fr\/fr\/wp-json\/wp\/v2\/pages\/512"}],"collection":[{"href":"https:\/\/franchise.sushishop.fr\/fr\/wp-json\/wp\/v2\/pages"}],"about":[{"href":"https:\/\/franchise.sushishop.fr\/fr\/wp-json\/wp\/v2\/types\/page"}],"author":[{"embeddable":true,"href":"https:\/\/franchise.sushishop.fr\/fr\/wp-json\/wp\/v2\/users\/1"}],"replies":[{"embeddable":true,"href":"https:\/\/franchise.sushishop.fr\/fr\/wp-json\/wp\/v2\/comments?post=512"}],"version-history":[{"count":81,"href":"https:\/\/franchise.sushishop.fr\/fr\/wp-json\/wp\/v2\/pages\/512\/revisions"}],"predecessor-version":[{"id":720,"href":"https:\/\/franchise.sushishop.fr\/fr\/wp-json\/wp\/v2\/pages\/512\/revisions\/720"}],"wp:attachment":[{"href":"https:\/\/franchise.sushishop.fr\/fr\/wp-json\/wp\/v2\/media?parent=512"}],"curies":[{"name":"wp","href":"https:\/\/api.w.org\/{rel}","templated":true}]}}